{"id":43,"date":"2018-11-03T15:11:22","date_gmt":"2018-11-03T14:11:22","guid":{"rendered":"https:\/\/skalpel.edu.pl\/2023\/?page_id=43"},"modified":"2023-01-04T18:37:35","modified_gmt":"2023-01-04T17:37:35","slug":"o-konferencji","status":"publish","type":"page","link":"https:\/\/skalpel.edu.pl\/2023\/o-konferencji\/","title":{"rendered":"Webinary SKALPEL ONLINE"},"content":{"rendered":"<p>SKALPEL to konferencje dla chirurg\u00f3w z udzia\u0142em najwybitniejszych prelegent\u00f3w, wybitnych specjalist\u00f3w reprezentuj\u0105cy najbardziej cenione o\u015brodki z ca\u0142ego kraju. Wsp\u00f3lnym mianownikiem jest zaprezentowanie uczestnikom przegl\u0105du dost\u0119pnych i najnowszych metod diagnostyki oraz terapii. Pragniemy skupi\u0107 si\u0119 jedynie na praktycznych informacjach poprzez okre\u015blenie gotowych algorytm\u00f3w post\u0119powania w danych przypadkach. W ramach wyk\u0142ad\u00f3w chcemy tak\u017ce zaprezentowa\u0107 analizy przypadk\u00f3w, tak by uczestnicy szkole\u0144, opuszczali je zaopatrzeni w wiedz\u0119 mo\u017cliw\u0105 do zastosowania w codziennej praktyce.<\/p>\n<p style=\"text-align: justify;\">Kierownictwo naukowe nad projektem SKALPEL ON-LINE sprawuje<strong> prof. Grzegorz Wallner<\/strong>, Konsultant Krajowy ds. Chirurgii Og\u00f3lnej, Kierownik II Kliniki Chirurgii Og\u00f3lnej, Gastroenterologicznej i Nowotwor\u00f3w Uk\u0142adu Pokarmowego Uniwersytetu Medycznego w Lublinie.<\/p>\n<p style=\"text-align: justify;\">Konferencje on-line zachowaj\u0105 interdyscyplinarn\u0105 tematyk\u0119 wyk\u0142ad\u00f3w kierowan\u0105 do chirurga praktyka.<\/p>\n<p style=\"text-align: justify;\">Do zobaczenia!<\/p>\n<p><a href=\"https:\/\/www.facebook.com\/skalpelkonferencje\"><img loading=\"lazy\" class=\"alignright wp-image-359\" src=\"https:\/\/skalpel.edu.pl\/2023\/wp-content\/uploads\/2020\/08\/trojkat.png\" alt=\"konferencje dla chirurg\u00f3w\" width=\"103\" height=\"84\" srcset=\"https:\/\/skalpel.edu.pl\/2023\/wp-content\/uploads\/2020\/08\/trojkat.png 985w, https:\/\/skalpel.edu.pl\/2023\/wp-content\/uploads\/2020\/08\/trojkat-300x244.png 300w, https:\/\/skalpel.edu.pl\/2023\/wp-content\/uploads\/2020\/08\/trojkat-768x624.png 768w\" sizes=\"(max-width: 103px) 100vw, 103px\" \/><\/a><\/p>\n<p>&nbsp;<\/p>\n","protected":false},"excerpt":{"rendered":"<p>SKALPEL to konferencje dla chirurg\u00f3w z udzia\u0142em najwybitniejszych prelegent\u00f3w, wybitnych specjalist\u00f3w reprezentuj\u0105cy najbardziej cenione o\u015brodki z ca\u0142ego kraju. Wsp\u00f3lnym mianownikiem jest zaprezentowanie uczestnikom przegl\u0105du dost\u0119pnych i najnowszych metod diagnostyki oraz terapii. Pragniemy skupi\u0107 si\u0119 jedynie na praktycznych informacjach poprzez okre\u015blenie gotowych algorytm\u00f3w post\u0119powania w danych przypadkach. W ramach wyk\u0142ad\u00f3w chcemy tak\u017ce zaprezentowa\u0107 analizy przypadk\u00f3w, tak [&hellip;]<\/p>\n","protected":false},"author":1,"featured_media":0,"parent":0,"menu_order":0,"comment_status":"closed","ping_status":"closed","template":"","meta":[],"acf":[],"yoast_head":"<!-- This site is optimized with the Yoast SEO plugin v14.8.1 - https:\/\/yoast.com\/wordpress\/plugins\/seo\/ -->\n<meta name=\"description\" content=\"SKALPEL to bezp\u0142atne konferencje dla chirurg\u00f3w. Praktyczne, interdyscyplinarne szkolenia kierowane do chirurg\u00f3w praktyk\u00f3w.\" \/>\n<meta name=\"robots\" content=\"index, follow\" \/>\n<meta name=\"googlebot\" content=\"index, follow, max-snippet:-1, max-image-preview:large, max-video-preview:-1\" \/>\n<meta name=\"bingbot\" content=\"index, follow, max-snippet:-1, max-image-preview:large, max-video-preview:-1\" \/>\n<link rel=\"canonical\" href=\"https:\/\/skalpel.edu.pl\/o-konferencji\/\" \/>\n<meta property=\"og:locale\" content=\"pl_PL\" \/>\n<meta property=\"og:type\" content=\"article\" \/>\n<meta property=\"og:title\" content=\"Webinary SKALPEL ONLINE &mdash; Bezp\u0142atna rejestracja\" \/>\n<meta property=\"og:description\" content=\"SKALPEL to bezp\u0142atne konferencje dla chirurg\u00f3w. Praktyczne, interdyscyplinarne szkolenia kierowane do chirurg\u00f3w praktyk\u00f3w.\" \/>\n<meta property=\"og:url\" content=\"https:\/\/skalpel.edu.pl\/o-konferencji\/\" \/>\n<meta property=\"og:site_name\" content=\"Konferencja medyczna Skalpel\" \/>\n<meta property=\"article:publisher\" content=\"https:\/\/www.facebook.com\/skalpelkonferencje\" \/>\n<meta property=\"article:modified_time\" content=\"2023-01-04T17:37:35+00:00\" \/>\n<meta property=\"og:image\" content=\"https:\/\/skalpel.edu.pl\/wp-content\/uploads\/2020\/08\/trojkat.png\" \/>\n<meta name=\"twitter:card\" content=\"summary_large_image\" \/>\n<script type=\"application\/ld+json\" class=\"yoast-schema-graph\">{\"@context\":\"https:\/\/schema.org\",\"@graph\":[{\"@type\":\"Organization\",\"@id\":\"https:\/\/skalpel.edu.pl\/2023\/#organization\",\"name\":\"Medvisa Healthcare Solutions\",\"url\":\"https:\/\/skalpel.edu.pl\/2023\/\",\"sameAs\":[\"https:\/\/www.facebook.com\/skalpelkonferencje\"],\"logo\":{\"@type\":\"ImageObject\",\"@id\":\"https:\/\/skalpel.edu.pl\/2023\/#logo\",\"inLanguage\":\"pl-PL\",\"url\":\"https:\/\/skalpel.edu.pl\/2023\/wp-content\/uploads\/2018\/11\/Logo-up.png\",\"width\":1191,\"height\":842,\"caption\":\"Medvisa Healthcare Solutions\"},\"image\":{\"@id\":\"https:\/\/skalpel.edu.pl\/2023\/#logo\"}},{\"@type\":\"WebSite\",\"@id\":\"https:\/\/skalpel.edu.pl\/2023\/#website\",\"url\":\"https:\/\/skalpel.edu.pl\/2023\/\",\"name\":\"Konferencja medyczna Skalpel\",\"description\":\"Nowoczesne techniki chirurgiczne wraz z algorytmami post\\u0119powania oko\\u0142ochirurgicznego\",\"publisher\":{\"@id\":\"https:\/\/skalpel.edu.pl\/2023\/#organization\"},\"potentialAction\":[{\"@type\":\"SearchAction\",\"target\":\"https:\/\/skalpel.edu.pl\/2023\/?s={search_term_string}\",\"query-input\":\"required name=search_term_string\"}],\"inLanguage\":\"pl-PL\"},{\"@type\":\"ImageObject\",\"@id\":\"https:\/\/skalpel.edu.pl\/o-konferencji\/#primaryimage\",\"inLanguage\":\"pl-PL\",\"url\":\"https:\/\/skalpel.edu.pl\/2023\/wp-content\/uploads\/2020\/08\/trojkat.png\",\"width\":985,\"height\":800,\"caption\":\"chirurg\"},{\"@type\":\"WebPage\",\"@id\":\"https:\/\/skalpel.edu.pl\/o-konferencji\/#webpage\",\"url\":\"https:\/\/skalpel.edu.pl\/o-konferencji\/\",\"name\":\"Webinary SKALPEL ONLINE &mdash; Bezp\\u0142atna rejestracja\",\"isPartOf\":{\"@id\":\"https:\/\/skalpel.edu.pl\/2023\/#website\"},\"primaryImageOfPage\":{\"@id\":\"https:\/\/skalpel.edu.pl\/o-konferencji\/#primaryimage\"},\"datePublished\":\"2018-11-03T14:11:22+00:00\",\"dateModified\":\"2023-01-04T17:37:35+00:00\",\"description\":\"SKALPEL to bezp\\u0142atne konferencje dla chirurg\\u00f3w. Praktyczne, interdyscyplinarne szkolenia kierowane do chirurg\\u00f3w praktyk\\u00f3w.\",\"inLanguage\":\"pl-PL\",\"potentialAction\":[{\"@type\":\"ReadAction\",\"target\":[\"https:\/\/skalpel.edu.pl\/o-konferencji\/\"]}]}]}<\/script>\n<!-- \/ Yoast SEO plugin. -->","_links":{"self":[{"href":"https:\/\/skalpel.edu.pl\/2023\/wp-json\/wp\/v2\/pages\/43"}],"collection":[{"href":"https:\/\/skalpel.edu.pl\/2023\/wp-json\/wp\/v2\/pages"}],"about":[{"href":"https:\/\/skalpel.edu.pl\/2023\/wp-json\/wp\/v2\/types\/page"}],"author":[{"embeddable":true,"href":"https:\/\/skalpel.edu.pl\/2023\/wp-json\/wp\/v2\/users\/1"}],"replies":[{"embeddable":true,"href":"https:\/\/skalpel.edu.pl\/2023\/wp-json\/wp\/v2\/comments?post=43"}],"version-history":[{"count":23,"href":"https:\/\/skalpel.edu.pl\/2023\/wp-json\/wp\/v2\/pages\/43\/revisions"}],"predecessor-version":[{"id":986,"href":"https:\/\/skalpel.edu.pl\/2023\/wp-json\/wp\/v2\/pages\/43\/revisions\/986"}],"wp:attachment":[{"href":"https:\/\/skalpel.edu.pl\/2023\/wp-json\/wp\/v2\/media?parent=43"}],"curies":[{"name":"wp","href":"https:\/\/api.w.org\/{rel}","templated":true}]}}