{"id":352,"date":"2020-08-25T15:51:02","date_gmt":"2020-08-25T13:51:02","guid":{"rendered":"https:\/\/skalpel.edu.pl\/2022\/registration\/"},"modified":"2020-08-25T15:51:14","modified_gmt":"2020-08-25T13:51:14","slug":"rejestracja","status":"publish","type":"page","link":"https:\/\/skalpel.edu.pl\/2022\/rejestracja\/","title":{"rendered":"Rejestracja"},"content":{"rendered":"\t<div class='user-registration ur-frontend-form  ' id='user-registration-form-350'>\n\t\t<form method='post' class='register' data-form-id=\"350\"\n\t\t\t  data-enable-strength-password=\"\" data-minimum-password-strength=\"3\"  data-captcha-enabled=\"\">\n\n\t\t\t\t\t\t\t\t\t<div class='ur-form-row'>\n\t\t\t\t\t\t\t\t\t\t\t\t\t\t\t\t<div class=\"ur-form-grid ur-grid-1\"\n\t\t\t\t\t\t\t\t\t\t\t style=\"width:48%\">\n\t\t\t\t\t\t\t\t\t\t\t\t\t\t\t\t\t\t\t\t\t\t\t\t<div  data-field-id=\"user_login\" class=\"ur-field-item field-user_login \">\n\t\t\t\t\t\t\t\t\t\t\t\t\t<div class=\"form-row validate-required\" id=\"user_login_field\" data-priority=\"\" ><label for=\"user_login\" class=\"ur-label\">Nazwa u\u017cytkownika <abbr class=\"required\" title=\"required\">*<\/abbr><\/label> <span class=\"input-wrapper\"> <input data-rules=\"\" data-id=\"user_login\" type=\"text\" class=\"input-text without_icon input-text ur-frontend-field  \" name=\"user_login\" id=\"user_login\" placeholder=\"\"  value=\"\" required=\"required\" data-label=\"Nazwa u\u017cytkownika\" \/> <\/span> <\/div>\t\t\t\t\t\t\t\t\t\t\t\t\t\t\t<\/div>\n\t\t\t\t\t\t\t\t\t\t\t\t\t\t\t\t\t\t\t\t\t\t\t\t\t\t\t\t<div  data-field-id=\"user_email\" class=\"ur-field-item field-user_email \">\n\t\t\t\t\t\t\t\t\t\t\t\t\t<div class=\"form-row validate-required\" id=\"user_email_field\" data-priority=\"\" ><label for=\"user_email\" class=\"ur-label\">Tw\u00f3j e-mail <abbr class=\"required\" title=\"required\">*<\/abbr><\/label> <span class=\"input-wrapper\"> <input data-rules=\"\" data-id=\"user_email\" type=\"email\" class=\"input-text without_icon input-email ur-frontend-field  \" name=\"user_email\" id=\"user_email\" placeholder=\"\"  value=\"\" required=\"required\" data-label=\"Tw\u00f3j e-mail\" \/> <\/span> <\/div>\t\t\t\t\t\t\t\t\t\t\t\t\t\t\t<\/div>\n\t\t\t\t\t\t\t\t\t\t\t\t\t\t\t\t\t\t\t\t\t\t\t<\/div>\n\t\t\t\t\t\t\t\t\t\t\t\t\t\t\t\t\t\t\t<div class=\"ur-form-grid ur-grid-2\"\n\t\t\t\t\t\t\t\t\t\t\t style=\"width:48%\">\n\t\t\t\t\t\t\t\t\t\t\t\t\t\t\t\t\t\t\t\t\t\t\t\t<div  data-field-id=\"user_pass\" class=\"ur-field-item field-user_pass \">\n\t\t\t\t\t\t\t\t\t\t\t\t\t<div class=\"form-row validate-required hide_show_password\" id=\"user_pass_field\" data-priority=\"\"><label for=\"user_pass\" class=\"ur-label\">Wpisz has\u0142o <abbr class=\"required\" title=\"required\">*<\/abbr><\/label> <span class=\"input-wrapper\"> <span class=\"password-input-group input-form-field-icons\"><input data-rules=\"\" data-id=\"user_pass\" type=\"password\" class=\"input-text without_icon input-password ur-frontend-field  \" name=\"user_pass\" id=\"user_pass\" placeholder=\"\"  value=\"\" required=\"required\" data-label=\"Wpisz has\u0142o\" \/><\/span> <\/span> <\/div>\t\t\t\t\t\t\t\t\t\t\t\t\t\t\t<\/div>\n\t\t\t\t\t\t\t\t\t\t\t\t\t\t\t\t\t\t\t\t\t\t\t\t\t\t\t\t<div  data-field-id=\"user_confirm_password\" class=\"ur-field-item field-user_confirm_password \">\n\t\t\t\t\t\t\t\t\t\t\t\t\t<div class=\"form-row validate-required hide_show_password\" id=\"user_confirm_password_field\" data-priority=\"\"><label for=\"user_confirm_password\" class=\"ur-label\">Powt\u00f3rz has\u0142o <abbr class=\"required\" title=\"required\">*<\/abbr><\/label> <span class=\"input-wrapper\"> <span class=\"password-input-group input-form-field-icons\"><input data-rules=\"\" data-id=\"user_confirm_password\" type=\"password\" class=\"input-text without_icon input-password ur-frontend-field  \" name=\"user_confirm_password\" id=\"user_confirm_password\" placeholder=\"\"  value=\"\" required=\"required\" data-label=\"Powt\u00f3rz has\u0142o\" \/><\/span> <\/span> <\/div>\t\t\t\t\t\t\t\t\t\t\t\t\t\t\t<\/div>\n\t\t\t\t\t\t\t\t\t\t\t\t\t\t\t\t\t\t\t\t\t\t\t<\/div>\n\t\t\t\t\t\t\t\t\t\t\t\t\t\t\t<\/div>\n\t\t\t\t\t\t\t\t\t\t<div class='ur-form-row'>\n\t\t\t\t\t\t\t\t\t\t\t\t\t\t\t\t<div class=\"ur-form-grid ur-grid-1\"\n\t\t\t\t\t\t\t\t\t\t\t style=\"width:48%\">\n\t\t\t\t\t\t\t\t\t\t\t\t\t\t\t\t\t\t\t\t\t\t\t\t<div  data-field-id=\"first_name\" class=\"ur-field-item field-first_name \">\n\t\t\t\t\t\t\t\t\t\t\t\t\t<div class=\"form-row validate-required\" id=\"first_name_field\" data-priority=\"\" ><label for=\"first_name\" class=\"ur-label\">Imi\u0119 <abbr class=\"required\" title=\"required\">*<\/abbr><\/label> <span class=\"input-wrapper\"> <input data-rules=\"\" data-id=\"first_name\" type=\"text\" class=\"input-text without_icon input-text ur-frontend-field  \" name=\"first_name\" id=\"first_name\" placeholder=\"\"  value=\"\" required=\"required\" data-label=\"Imi\u0119\" \/> <\/span> <\/div>\t\t\t\t\t\t\t\t\t\t\t\t\t\t\t<\/div>\n\t\t\t\t\t\t\t\t\t\t\t\t\t\t\t\t\t\t\t\t\t\t\t<\/div>\n\t\t\t\t\t\t\t\t\t\t\t\t\t\t\t\t\t\t\t<div class=\"ur-form-grid ur-grid-2\"\n\t\t\t\t\t\t\t\t\t\t\t style=\"width:48%\">\n\t\t\t\t\t\t\t\t\t\t\t\t\t\t\t\t\t\t\t\t\t\t\t\t<div  data-field-id=\"last_name\" class=\"ur-field-item field-last_name \">\n\t\t\t\t\t\t\t\t\t\t\t\t\t<div class=\"form-row validate-required\" id=\"last_name_field\" data-priority=\"\" ><label for=\"last_name\" class=\"ur-label\">Nazwisko <abbr class=\"required\" title=\"required\">*<\/abbr><\/label> <span class=\"input-wrapper\"> <input data-rules=\"\" data-id=\"last_name\" type=\"text\" class=\"input-text without_icon input-text ur-frontend-field  \" name=\"last_name\" id=\"last_name\" placeholder=\"\"  value=\"\" required=\"required\" data-label=\"Nazwisko\" \/> <\/span> <\/div>\t\t\t\t\t\t\t\t\t\t\t\t\t\t\t<\/div>\n\t\t\t\t\t\t\t\t\t\t\t\t\t\t\t\t\t\t\t\t\t\t\t<\/div>\n\t\t\t\t\t\t\t\t\t\t\t\t\t\t\t<\/div>\n\t\t\t\t\t\t\t\t\t\t<div class='ur-form-row'>\n\t\t\t\t\t\t\t\t\t\t\t\t\t\t\t\t<div class=\"ur-form-grid ur-grid-1\"\n\t\t\t\t\t\t\t\t\t\t\t style=\"width:48%\">\n\t\t\t\t\t\t\t\t\t\t\t\t\t\t\t\t\t\t\t\t\t\t\t\t<div  data-field-id=\"input_box_1598536703\" class=\"ur-field-item field-text \">\n\t\t\t\t\t\t\t\t\t\t\t\t\t<div class=\"form-row validate-required\" id=\"input_box_1598536703_field\" data-priority=\"\" ><label for=\"input_box_1598536703\" class=\"ur-label\">Telefon <abbr class=\"required\" title=\"required\">*<\/abbr><\/label> <span class=\"input-wrapper\"> <input data-rules=\"\" data-id=\"input_box_1598536703\" type=\"text\" class=\"input-text without_icon input-text ur-frontend-field  \" name=\"input_box_1598536703\" id=\"input_box_1598536703\" placeholder=\"\"  value=\"\" required=\"required\" data-label=\"Telefon\" maxlength=\"20\" \/> <\/span> <\/div>\t\t\t\t\t\t\t\t\t\t\t\t\t\t\t<\/div>\n\t\t\t\t\t\t\t\t\t\t\t\t\t\t\t\t\t\t\t\t\t\t\t<\/div>\n\t\t\t\t\t\t\t\t\t\t\t\t\t\t\t\t\t\t\t<div class=\"ur-form-grid ur-grid-2\"\n\t\t\t\t\t\t\t\t\t\t\t style=\"width:48%\">\n\t\t\t\t\t\t\t\t\t\t\t\t\t\t\t\t\t\t\t\t\t\t\t\t<div  data-field-id=\"input_box_1598536704\" class=\"ur-field-item field-text \">\n\t\t\t\t\t\t\t\t\t\t\t\t\t<div class=\"form-row validate-required\" id=\"input_box_1598536704_field\" data-priority=\"\" ><label for=\"input_box_1598536704\" class=\"ur-label\">Numer PWZ <abbr class=\"required\" title=\"required\">*<\/abbr><\/label> <span class=\"input-wrapper\"> <input data-rules=\"\" data-id=\"input_box_1598536704\" type=\"text\" class=\"input-text without_icon input-text ur-frontend-field  \" name=\"input_box_1598536704\" id=\"input_box_1598536704\" placeholder=\"\"  value=\"\" required=\"required\" data-label=\"Numer PWZ\" maxlength=\"20\" \/> <\/span> <\/div>\t\t\t\t\t\t\t\t\t\t\t\t\t\t\t<\/div>\n\t\t\t\t\t\t\t\t\t\t\t\t\t\t\t\t\t\t\t\t\t\t\t<\/div>\n\t\t\t\t\t\t\t\t\t\t\t\t\t\t\t<\/div>\n\t\t\t\t\t\t\t\t\t\t<div class='ur-form-row'>\n\t\t\t\t\t\t\t\t\t\t\t\t\t\t\t\t<div class=\"ur-form-grid ur-grid-1\"\n\t\t\t\t\t\t\t\t\t\t\t style=\"width:99%\">\n\t\t\t\t\t\t\t\t\t\t\t\t\t\t\t\t\t\t\t\t\t\t\t\t<div  data-field-id=\"input_box_1598536731\" class=\"ur-field-item field-text \">\n\t\t\t\t\t\t\t\t\t\t\t\t\t<div class=\"form-row validate-required\" id=\"input_box_1598536731_field\" data-priority=\"\" ><label for=\"input_box_1598536731\" class=\"ur-label\">Adres korespondencyjny - ulica <abbr class=\"required\" title=\"required\">*<\/abbr><\/label> <span class=\"input-wrapper\"> <input data-rules=\"\" data-id=\"input_box_1598536731\" type=\"text\" class=\"input-text without_icon input-text ur-frontend-field  \" name=\"input_box_1598536731\" id=\"input_box_1598536731\" placeholder=\"\"  value=\"\" required=\"required\" data-label=\"Adres korespondencyjny - ulica\" maxlength=\"20\" \/> <\/span> <\/div>\t\t\t\t\t\t\t\t\t\t\t\t\t\t\t<\/div>\n\t\t\t\t\t\t\t\t\t\t\t\t\t\t\t\t\t\t\t\t\t\t\t<\/div>\n\t\t\t\t\t\t\t\t\t\t\t\t\t\t\t<\/div>\n\t\t\t\t\t\t\t\t\t\t<div class='ur-form-row'>\n\t\t\t\t\t\t\t\t\t\t\t\t\t\t\t\t<div class=\"ur-form-grid ur-grid-1\"\n\t\t\t\t\t\t\t\t\t\t\t style=\"width:48%\">\n\t\t\t\t\t\t\t\t\t\t\t\t\t\t\t\t\t\t\t\t\t\t\t\t<div  data-field-id=\"input_box_1598536750\" class=\"ur-field-item field-text \">\n\t\t\t\t\t\t\t\t\t\t\t\t\t<div class=\"form-row validate-required\" id=\"input_box_1598536750_field\" data-priority=\"\" ><label for=\"input_box_1598536750\" class=\"ur-label\">Adres korespondencyjny - kod pocztowy <abbr class=\"required\" title=\"required\">*<\/abbr><\/label> <span class=\"input-wrapper\"> <input data-rules=\"\" data-id=\"input_box_1598536750\" type=\"text\" class=\"input-text without_icon input-text ur-frontend-field  \" name=\"input_box_1598536750\" id=\"input_box_1598536750\" placeholder=\"\"  value=\"\" required=\"required\" data-label=\"Adres korespondencyjny - kod pocztowy\" maxlength=\"20\" \/> <\/span> <\/div>\t\t\t\t\t\t\t\t\t\t\t\t\t\t\t<\/div>\n\t\t\t\t\t\t\t\t\t\t\t\t\t\t\t\t\t\t\t\t\t\t\t<\/div>\n\t\t\t\t\t\t\t\t\t\t\t\t\t\t\t\t\t\t\t<div class=\"ur-form-grid ur-grid-2\"\n\t\t\t\t\t\t\t\t\t\t\t style=\"width:48%\">\n\t\t\t\t\t\t\t\t\t\t\t\t\t\t\t\t\t\t\t\t\t\t\t\t<div  data-field-id=\"input_box_1598536751\" class=\"ur-field-item field-text \">\n\t\t\t\t\t\t\t\t\t\t\t\t\t<div class=\"form-row validate-required\" id=\"input_box_1598536751_field\" data-priority=\"\" ><label for=\"input_box_1598536751\" class=\"ur-label\">Adres korespondencyjny - miasto <abbr class=\"required\" title=\"required\">*<\/abbr><\/label> <span class=\"input-wrapper\"> <input data-rules=\"\" data-id=\"input_box_1598536751\" type=\"text\" class=\"input-text without_icon input-text ur-frontend-field  \" name=\"input_box_1598536751\" id=\"input_box_1598536751\" placeholder=\"\"  value=\"\" required=\"required\" data-label=\"Adres korespondencyjny - miasto\" maxlength=\"20\" \/> <\/span> <\/div>\t\t\t\t\t\t\t\t\t\t\t\t\t\t\t<\/div>\n\t\t\t\t\t\t\t\t\t\t\t\t\t\t\t\t\t\t\t\t\t\t\t<\/div>\n\t\t\t\t\t\t\t\t\t\t\t\t\t\t\t<\/div>\n\t\t\t\t\t\t\t\t\t\t<div class='ur-form-row'>\n\t\t\t\t\t\t\t\t\t\t\t\t\t\t\t\t<div class=\"ur-form-grid ur-grid-1\"\n\t\t\t\t\t\t\t\t\t\t\t style=\"width:48%\">\n\t\t\t\t\t\t\t\t\t\t\t\t\t\t\t\t\t\t\t<\/div>\n\t\t\t\t\t\t\t\t\t\t\t\t\t\t\t\t\t\t\t<div class=\"ur-form-grid ur-grid-2\"\n\t\t\t\t\t\t\t\t\t\t\t style=\"width:48%\">\n\t\t\t\t\t\t\t\t\t\t\t\t\t\t\t\t\t\t\t<\/div>\n\t\t\t\t\t\t\t\t\t\t\t\t\t\t\t<\/div>\n\t\t\t\t\t\t\t\t\t\t<div class='ur-form-row'>\n\t\t\t\t\t\t\t\t\t\t\t\t\t\t\t\t<div class=\"ur-form-grid ur-grid-1\"\n\t\t\t\t\t\t\t\t\t\t\t style=\"width:48%\">\n\t\t\t\t\t\t\t\t\t\t\t\t\t\t\t\t\t\t\t<\/div>\n\t\t\t\t\t\t\t\t\t\t\t\t\t\t\t\t\t\t\t<div class=\"ur-form-grid ur-grid-2\"\n\t\t\t\t\t\t\t\t\t\t\t style=\"width:48%\">\n\t\t\t\t\t\t\t\t\t\t\t\t\t\t\t\t\t\t\t<\/div>\n\t\t\t\t\t\t\t\t\t\t\t\t\t\t\t<\/div>\n\t\t\t\t\t\t\t\t\t\t<div class='ur-form-row'>\n\t\t\t\t\t\t\t\t\t\t\t\t\t\t\t\t<div class=\"ur-form-grid ur-grid-1\"\n\t\t\t\t\t\t\t\t\t\t\t style=\"width:99%\">\n\t\t\t\t\t\t\t\t\t\t\t\t\t\t\t\t\t\t\t\t\t\t\t\t<div  data-field-id=\"textarea_1598537014\" class=\"ur-field-item field-textarea \">\n\t\t\t\t\t\t\t\t\t\t\t\t\t<div class=\"form-row \" id=\"textarea_1598537014_field\" data-priority=\"\" ><label for=\"textarea_1598537014\" class=\"ur-label\">Dodatkowe informacje<\/label><textarea data-rules=\"\" data-id=\"textarea_1598537014\" name=\"textarea_1598537014\" class=\"input-text ur-frontend-field  \" id=\"textarea_1598537014\" placeholder=\"Zadaj pytanie wyk\u0142adowcy konferencji (opcjonalnie; do 300 znak\u00f3w)\"  rows=\"2\" cols=\"5\"data-label=\"Dodatkowe informacje\"><\/textarea><\/div>\t\t\t\t\t\t\t\t\t\t\t\t\t\t\t<\/div>\n\t\t\t\t\t\t\t\t\t\t\t\t\t\t\t\t\t\t\t\t\t\t\t<\/div>\n\t\t\t\t\t\t\t\t\t\t\t\t\t\t\t<\/div>\n\t\t\t\t\t\t\t\t\t\t\t\t\t\t<div class=\"ur-button-container \" >\n\t\t\t\t\t\t\t\t\t\t\t\t<button type=\"submit\" class=\"btn button ur-submit-button \">\n\t\t\t\t\t\t\t<span><\/span>\n\t\t\t\t\t\t\tZa\u0142\u00f3\u017c konto\t\t\t\t\t\t<\/button>\n\t\t\t\t\t\t\t\t\t\t\t\t\t\t\t\t\t<\/div>\n\t\t\t\t\t\n\t\t\t<div style=\"clear:both\"><\/div>\n\t\t\t\t\t\t<input type=\"hidden\" name=\"ur-user-form-id\" value=\"350\"\/>\n\t\t\t<input type=\"hidden\" name=\"ur-redirect-url\" value=\"\"\/>\n\t\t\t<input type=\"hidden\" id=\"ur_frontend_form_nonce\" name=\"ur_frontend_form_nonce\" value=\"38a457f9ed\" \/>\n\t\t\t\t\t<\/form>\n\n\t\t<div style=\"clear:both\"><\/div>\n\t<\/div>\n\n","protected":false},"excerpt":{"rendered":"","protected":false},"author":1,"featured_media":0,"parent":0,"menu_order":0,"comment_status":"closed","ping_status":"closed","template":"","meta":[],"acf":[],"yoast_head":"<!-- This site is optimized with the Yoast SEO plugin v14.8.1 - https:\/\/yoast.com\/wordpress\/plugins\/seo\/ -->\n<meta name=\"description\" content=\"SKALPEL to bezp\u0142atny cykl konferencji dla chirurg\u00f3w. Praktyczne, interdyscyplinarne szkolenia kierowane do chirurg\u00f3w praktyk\u00f3w. Praktyczne informacje, najnowsze metody diagnostyki i terapii.\" \/>\n<meta name=\"robots\" content=\"index, follow\" \/>\n<meta name=\"googlebot\" content=\"index, follow, max-snippet:-1, max-image-preview:large, max-video-preview:-1\" \/>\n<meta name=\"bingbot\" content=\"index, follow, max-snippet:-1, max-image-preview:large, max-video-preview:-1\" \/>\n<link rel=\"canonical\" href=\"https:\/\/skalpel.edu.pl\/2022\/rejestracja\/\" \/>\n<meta property=\"og:locale\" content=\"pl_PL\" \/>\n<meta property=\"og:type\" content=\"article\" \/>\n<meta property=\"og:title\" content=\"Rejestracja &mdash; Konferencja medyczna Skalpel\" \/>\n<meta property=\"og:description\" content=\"SKALPEL to bezp\u0142atny cykl konferencji dla chirurg\u00f3w. Praktyczne, interdyscyplinarne szkolenia kierowane do chirurg\u00f3w praktyk\u00f3w. Praktyczne informacje, najnowsze metody diagnostyki i terapii.\" \/>\n<meta property=\"og:url\" content=\"https:\/\/skalpel.edu.pl\/2022\/rejestracja\/\" \/>\n<meta property=\"og:site_name\" content=\"Konferencja medyczna Skalpel\" \/>\n<meta property=\"article:publisher\" content=\"https:\/\/www.facebook.com\/skalpelkonferencje\" \/>\n<meta property=\"article:modified_time\" content=\"2020-08-25T13:51:14+00:00\" \/>\n<meta name=\"twitter:card\" content=\"summary_large_image\" \/>\n<script type=\"application\/ld+json\" class=\"yoast-schema-graph\">{\"@context\":\"https:\/\/schema.org\",\"@graph\":[{\"@type\":\"Organization\",\"@id\":\"https:\/\/skalpel.edu.pl\/2022\/#organization\",\"name\":\"Medvisa Healthcare Solutions\",\"url\":\"https:\/\/skalpel.edu.pl\/2022\/\",\"sameAs\":[\"https:\/\/www.facebook.com\/skalpelkonferencje\"],\"logo\":{\"@type\":\"ImageObject\",\"@id\":\"https:\/\/skalpel.edu.pl\/2022\/#logo\",\"inLanguage\":\"pl-PL\",\"url\":\"https:\/\/skalpel.edu.pl\/2022\/wp-content\/uploads\/2018\/11\/Logo-up.png\",\"width\":1191,\"height\":842,\"caption\":\"Medvisa Healthcare Solutions\"},\"image\":{\"@id\":\"https:\/\/skalpel.edu.pl\/2022\/#logo\"}},{\"@type\":\"WebSite\",\"@id\":\"https:\/\/skalpel.edu.pl\/2022\/#website\",\"url\":\"https:\/\/skalpel.edu.pl\/2022\/\",\"name\":\"Konferencja medyczna Skalpel\",\"description\":\"Nowoczesne techniki chirurgiczne wraz z algorytmami post\\u0119powania oko\\u0142ochirurgicznego\",\"publisher\":{\"@id\":\"https:\/\/skalpel.edu.pl\/2022\/#organization\"},\"potentialAction\":[{\"@type\":\"SearchAction\",\"target\":\"https:\/\/skalpel.edu.pl\/2022\/?s={search_term_string}\",\"query-input\":\"required name=search_term_string\"}],\"inLanguage\":\"pl-PL\"},{\"@type\":\"WebPage\",\"@id\":\"https:\/\/skalpel.edu.pl\/2022\/rejestracja\/#webpage\",\"url\":\"https:\/\/skalpel.edu.pl\/2022\/rejestracja\/\",\"name\":\"Rejestracja &mdash; Konferencja medyczna Skalpel\",\"isPartOf\":{\"@id\":\"https:\/\/skalpel.edu.pl\/2022\/#website\"},\"datePublished\":\"2020-08-25T13:51:02+00:00\",\"dateModified\":\"2020-08-25T13:51:14+00:00\",\"description\":\"SKALPEL to bezp\\u0142atny cykl konferencji dla chirurg\\u00f3w. Praktyczne, interdyscyplinarne szkolenia kierowane do chirurg\\u00f3w praktyk\\u00f3w. Praktyczne informacje, najnowsze metody diagnostyki i terapii.\",\"inLanguage\":\"pl-PL\",\"potentialAction\":[{\"@type\":\"ReadAction\",\"target\":[\"https:\/\/skalpel.edu.pl\/2022\/rejestracja\/\"]}]}]}<\/script>\n<!-- \/ Yoast SEO plugin. -->","_links":{"self":[{"href":"https:\/\/skalpel.edu.pl\/2022\/wp-json\/wp\/v2\/pages\/352"}],"collection":[{"href":"https:\/\/skalpel.edu.pl\/2022\/wp-json\/wp\/v2\/pages"}],"about":[{"href":"https:\/\/skalpel.edu.pl\/2022\/wp-json\/wp\/v2\/types\/page"}],"author":[{"embeddable":true,"href":"https:\/\/skalpel.edu.pl\/2022\/wp-json\/wp\/v2\/users\/1"}],"replies":[{"embeddable":true,"href":"https:\/\/skalpel.edu.pl\/2022\/wp-json\/wp\/v2\/comments?post=352"}],"version-history":[{"count":1,"href":"https:\/\/skalpel.edu.pl\/2022\/wp-json\/wp\/v2\/pages\/352\/revisions"}],"predecessor-version":[{"id":353,"href":"https:\/\/skalpel.edu.pl\/2022\/wp-json\/wp\/v2\/pages\/352\/revisions\/353"}],"wp:attachment":[{"href":"https:\/\/skalpel.edu.pl\/2022\/wp-json\/wp\/v2\/media?parent=352"}],"curies":[{"name":"wp","href":"https:\/\/api.w.org\/{rel}","templated":true}]}}