{"id":351,"date":"2020-08-25T15:51:02","date_gmt":"2020-08-25T13:51:02","guid":{"rendered":"https:\/\/skalpel.edu.pl\/2021\/my-account\/"},"modified":"2020-08-25T15:51:23","modified_gmt":"2020-08-25T13:51:23","slug":"moje-konto","status":"publish","type":"page","link":"https:\/\/skalpel.edu.pl\/2021\/moje-konto\/","title":{"rendered":"Moje konto"},"content":{"rendered":"<div id=\"user-registration\" class=\"user-registration\">\n\n\n<div class=\"ur-frontend-form login \" id=\"ur-frontend-form\">\n\n\t<form class=\"user-registration-form user-registration-form-login login\" method=\"post\">\n\n\t\t<div class=\"ur-form-row\">\n\t\t\t<div class=\"ur-form-grid\">\n\t\t\t\t\t\n\t\t\t\t\t<p class=\"user-registration-form-row user-registration-form-row--wide form-row form-row-wide\">\n\t\t\t\t\t\t<label for=\"username\">E-mail lub nazwa u\u017cytkownika <span class=\"required\">*<\/span><\/label>\t\t\t\t\t\t<input placeholder=\"\" type=\"text\" class=\"user-registration-Input user-registration-Input--text input-text\" name=\"username\" id=\"username\" value=\"\" \/>\n\t\t\t\t\t<\/p>\n\t\t\t\t\t<p class=\"user-registration-form-row user-registration-form-row--wide form-row form-row-wide\">\n\t\t\t\t\t\t<label for=\"password\">Has\u0142o <span class=\"required\">*<\/span><\/label>\t\t\t\t\t\t<span class=\"password-input-group\">\n\t\t\t\t\t\t<input placeholder=\"\" class=\"user-registration-Input user-registration-Input--text input-text\" type=\"password\" name=\"password\" id=\"password\" \/>\n\t\t\t\t\t\t\t\t\t\t\t\t<\/span>\n\t\t\t\t\t<\/p>\n\n\t\t\t\t\t\n\t\t\t\t\t\n\t\t\t\t\t<p class=\"form-row\">\n\t\t\t\t\t\t<input type=\"hidden\" id=\"user-registration-login-nonce\" name=\"user-registration-login-nonce\" value=\"10516496e8\" \/><input type=\"hidden\" name=\"_wp_http_referer\" value=\"\/2021\/wp-json\/wp\/v2\/pages\/351\" \/>\t\t\t\t\t\t<input type=\"submit\" class=\"user-registration-Button button\" name=\"login\" value=\"Zaloguj si\u0119\" \/>\n\t\t\t\t\t\t<input type=\"hidden\" name=\"redirect\" value=\"\" \/>\n\n\t\t\t\t\t\t\t\t\t\t\t\t\t\t<label class=\"user-registration-form__label user-registration-form__label-for-checkbox inline\">\n\t\t\t\t\t\t\t\t\t<input class=\"user-registration-form__input user-registration-form__input-checkbox\" name=\"rememberme\" type=\"checkbox\" id=\"rememberme\" value=\"forever\" \/> <span>Zapami\u0119taj mnie<\/span>\n\t\t\t\t\t\t\t\t<\/label>\n\t\t\t\t\t\t\t\t\t\t\t\t\t<\/p>\n\n\t\t\t\t\t\t\t\t\t\t\t\t\t<p class=\"user-registration-LostPassword lost_password\">\n\t\t\t\t\t\t\t\t\t<a href=\"https:\/\/skalpel.edu.pl\/2021\/moje-konto\/przypomnij-haslo\/\">Zapomnia\u0142e\u015b has\u0142a?<\/a>\n\t\t\t\t\t\t\t\t<\/p>\n\t\t\t\t\t\t\t\n\t\t\t\t\t<p class=\"user-registration-register register\">\t\t\t\t\t\t\t\t<a href=\"https:\/\/skalpel.edu.pl\/rejestracja\/\"> Nie masz konta? Za\u0142\u00f3\u017c je w kilka sekund\t\t\t\t\t\t\t\t\t<\/a>\n\t\t\t\t\t\t\t\t<\/p>\t\t\t\t\t<\/p>\n\t\t\t\t\t\t\t\t<\/div>\n\t\t<\/div>\n\t<\/form>\n\n<\/div>\n\n<\/div>\n","protected":false},"excerpt":{"rendered":"","protected":false},"author":1,"featured_media":0,"parent":0,"menu_order":0,"comment_status":"closed","ping_status":"closed","template":"","meta":[],"yoast_head":"<!-- This site is optimized with the Yoast SEO plugin v14.8.1 - https:\/\/yoast.com\/wordpress\/plugins\/seo\/ -->\n<meta name=\"description\" content=\"SKALPEL to bezp\u0142atny cykl konferencji dla chirurg\u00f3w. Praktyczne, interdyscyplinarne szkolenia kierowane do chirurg\u00f3w praktyk\u00f3w. Praktyczne informacje, najnowsze metody diagnostyki i terapii.\" \/>\n<meta name=\"robots\" content=\"index, follow\" \/>\n<meta name=\"googlebot\" content=\"index, follow, max-snippet:-1, max-image-preview:large, max-video-preview:-1\" \/>\n<meta name=\"bingbot\" content=\"index, follow, max-snippet:-1, max-image-preview:large, max-video-preview:-1\" \/>\n<link rel=\"canonical\" href=\"https:\/\/skalpel.edu.pl\/2021\/moje-konto\/\" \/>\n<meta property=\"og:locale\" content=\"pl_PL\" \/>\n<meta property=\"og:type\" content=\"article\" \/>\n<meta property=\"og:title\" content=\"Moje konto &mdash; Konferencja medyczna Skalpel\" \/>\n<meta property=\"og:description\" content=\"SKALPEL to bezp\u0142atny cykl konferencji dla chirurg\u00f3w. Praktyczne, interdyscyplinarne szkolenia kierowane do chirurg\u00f3w praktyk\u00f3w. Praktyczne informacje, najnowsze metody diagnostyki i terapii.\" \/>\n<meta property=\"og:url\" content=\"https:\/\/skalpel.edu.pl\/2021\/moje-konto\/\" \/>\n<meta property=\"og:site_name\" content=\"Konferencja medyczna Skalpel\" \/>\n<meta property=\"article:publisher\" content=\"https:\/\/www.facebook.com\/skalpelkonferencje\" \/>\n<meta property=\"article:modified_time\" content=\"2020-08-25T13:51:23+00:00\" \/>\n<meta name=\"twitter:card\" content=\"summary_large_image\" \/>\n<script type=\"application\/ld+json\" class=\"yoast-schema-graph\">{\"@context\":\"https:\/\/schema.org\",\"@graph\":[{\"@type\":\"Organization\",\"@id\":\"https:\/\/skalpel.edu.pl\/2021\/#organization\",\"name\":\"Medvisa Healthcare Solutions\",\"url\":\"https:\/\/skalpel.edu.pl\/2021\/\",\"sameAs\":[\"https:\/\/www.facebook.com\/skalpelkonferencje\"],\"logo\":{\"@type\":\"ImageObject\",\"@id\":\"https:\/\/skalpel.edu.pl\/2021\/#logo\",\"inLanguage\":\"pl-PL\",\"url\":\"https:\/\/skalpel.edu.pl\/2021\/wp-content\/uploads\/2018\/11\/Logo-up.png\",\"width\":1191,\"height\":842,\"caption\":\"Medvisa Healthcare Solutions\"},\"image\":{\"@id\":\"https:\/\/skalpel.edu.pl\/2021\/#logo\"}},{\"@type\":\"WebSite\",\"@id\":\"https:\/\/skalpel.edu.pl\/2021\/#website\",\"url\":\"https:\/\/skalpel.edu.pl\/2021\/\",\"name\":\"Konferencja medyczna Skalpel\",\"description\":\"Nowoczesne techniki chirurgiczne wraz z algorytmami post\\u0119powania oko\\u0142ochirurgicznego\",\"publisher\":{\"@id\":\"https:\/\/skalpel.edu.pl\/2021\/#organization\"},\"potentialAction\":[{\"@type\":\"SearchAction\",\"target\":\"https:\/\/skalpel.edu.pl\/2021\/?s={search_term_string}\",\"query-input\":\"required name=search_term_string\"}],\"inLanguage\":\"pl-PL\"},{\"@type\":\"WebPage\",\"@id\":\"https:\/\/skalpel.edu.pl\/2021\/moje-konto\/#webpage\",\"url\":\"https:\/\/skalpel.edu.pl\/2021\/moje-konto\/\",\"name\":\"Moje konto &mdash; Konferencja medyczna Skalpel\",\"isPartOf\":{\"@id\":\"https:\/\/skalpel.edu.pl\/2021\/#website\"},\"datePublished\":\"2020-08-25T13:51:02+00:00\",\"dateModified\":\"2020-08-25T13:51:23+00:00\",\"description\":\"SKALPEL to bezp\\u0142atny cykl konferencji dla chirurg\\u00f3w. Praktyczne, interdyscyplinarne szkolenia kierowane do chirurg\\u00f3w praktyk\\u00f3w. Praktyczne informacje, najnowsze metody diagnostyki i terapii.\",\"inLanguage\":\"pl-PL\",\"potentialAction\":[{\"@type\":\"ReadAction\",\"target\":[\"https:\/\/skalpel.edu.pl\/2021\/moje-konto\/\"]}]}]}<\/script>\n<!-- \/ Yoast SEO plugin. -->","_links":{"self":[{"href":"https:\/\/skalpel.edu.pl\/2021\/wp-json\/wp\/v2\/pages\/351"}],"collection":[{"href":"https:\/\/skalpel.edu.pl\/2021\/wp-json\/wp\/v2\/pages"}],"about":[{"href":"https:\/\/skalpel.edu.pl\/2021\/wp-json\/wp\/v2\/types\/page"}],"author":[{"embeddable":true,"href":"https:\/\/skalpel.edu.pl\/2021\/wp-json\/wp\/v2\/users\/1"}],"replies":[{"embeddable":true,"href":"https:\/\/skalpel.edu.pl\/2021\/wp-json\/wp\/v2\/comments?post=351"}],"version-history":[{"count":1,"href":"https:\/\/skalpel.edu.pl\/2021\/wp-json\/wp\/v2\/pages\/351\/revisions"}],"predecessor-version":[{"id":354,"href":"https:\/\/skalpel.edu.pl\/2021\/wp-json\/wp\/v2\/pages\/351\/revisions\/354"}],"wp:attachment":[{"href":"https:\/\/skalpel.edu.pl\/2021\/wp-json\/wp\/v2\/media?parent=351"}],"curies":[{"name":"wp","href":"https:\/\/api.w.org\/{rel}","templated":true}]}}