{"id":112,"date":"2018-11-27T12:55:25","date_gmt":"2018-11-27T11:55:25","guid":{"rendered":"https:\/\/skalpel.edu.pl\/2021\/?page_id=112"},"modified":"2018-11-27T12:55:25","modified_gmt":"2018-11-27T11:55:25","slug":"partnerzy","status":"publish","type":"page","link":"https:\/\/skalpel.edu.pl\/2021\/partnerzy\/","title":{"rendered":"Partnerzy"},"content":{"rendered":"","protected":false},"excerpt":{"rendered":"","protected":false},"author":1,"featured_media":0,"parent":0,"menu_order":0,"comment_status":"closed","ping_status":"closed","template":"template_partners.php","meta":[],"yoast_head":"<!-- This site is optimized with the Yoast SEO plugin v14.8.1 - https:\/\/yoast.com\/wordpress\/plugins\/seo\/ -->\n<meta name=\"description\" content=\"SKALPEL to bezp\u0142atny cykl konferencji dla chirurg\u00f3w. Praktyczne, interdyscyplinarne szkolenia kierowane do chirurg\u00f3w praktyk\u00f3w. Praktyczne informacje, najnowsze metody diagnostyki i terapii.\" \/>\n<meta name=\"robots\" content=\"index, follow\" \/>\n<meta name=\"googlebot\" content=\"index, follow, max-snippet:-1, max-image-preview:large, max-video-preview:-1\" \/>\n<meta name=\"bingbot\" content=\"index, follow, max-snippet:-1, max-image-preview:large, max-video-preview:-1\" \/>\n<link rel=\"canonical\" href=\"https:\/\/skalpel.edu.pl\/2021\/partnerzy\/\" \/>\n<meta property=\"og:locale\" content=\"pl_PL\" \/>\n<meta property=\"og:type\" content=\"article\" \/>\n<meta property=\"og:title\" content=\"Partnerzy &mdash; Konferencja medyczna Skalpel\" \/>\n<meta property=\"og:description\" content=\"SKALPEL to bezp\u0142atny cykl konferencji dla chirurg\u00f3w. Praktyczne, interdyscyplinarne szkolenia kierowane do chirurg\u00f3w praktyk\u00f3w. Praktyczne informacje, najnowsze metody diagnostyki i terapii.\" \/>\n<meta property=\"og:url\" content=\"https:\/\/skalpel.edu.pl\/2021\/partnerzy\/\" \/>\n<meta property=\"og:site_name\" content=\"Konferencja medyczna Skalpel\" \/>\n<meta property=\"article:publisher\" content=\"https:\/\/www.facebook.com\/skalpelkonferencje\" \/>\n<meta name=\"twitter:card\" content=\"summary_large_image\" \/>\n<script type=\"application\/ld+json\" class=\"yoast-schema-graph\">{\"@context\":\"https:\/\/schema.org\",\"@graph\":[{\"@type\":\"Organization\",\"@id\":\"https:\/\/skalpel.edu.pl\/2021\/#organization\",\"name\":\"Medvisa Healthcare Solutions\",\"url\":\"https:\/\/skalpel.edu.pl\/2021\/\",\"sameAs\":[\"https:\/\/www.facebook.com\/skalpelkonferencje\"],\"logo\":{\"@type\":\"ImageObject\",\"@id\":\"https:\/\/skalpel.edu.pl\/2021\/#logo\",\"inLanguage\":\"pl-PL\",\"url\":\"https:\/\/skalpel.edu.pl\/2021\/wp-content\/uploads\/2018\/11\/Logo-up.png\",\"width\":1191,\"height\":842,\"caption\":\"Medvisa Healthcare Solutions\"},\"image\":{\"@id\":\"https:\/\/skalpel.edu.pl\/2021\/#logo\"}},{\"@type\":\"WebSite\",\"@id\":\"https:\/\/skalpel.edu.pl\/2021\/#website\",\"url\":\"https:\/\/skalpel.edu.pl\/2021\/\",\"name\":\"Konferencja medyczna Skalpel\",\"description\":\"Nowoczesne techniki chirurgiczne wraz z algorytmami post\\u0119powania oko\\u0142ochirurgicznego\",\"publisher\":{\"@id\":\"https:\/\/skalpel.edu.pl\/2021\/#organization\"},\"potentialAction\":[{\"@type\":\"SearchAction\",\"target\":\"https:\/\/skalpel.edu.pl\/2021\/?s={search_term_string}\",\"query-input\":\"required name=search_term_string\"}],\"inLanguage\":\"pl-PL\"},{\"@type\":\"WebPage\",\"@id\":\"https:\/\/skalpel.edu.pl\/2021\/partnerzy\/#webpage\",\"url\":\"https:\/\/skalpel.edu.pl\/2021\/partnerzy\/\",\"name\":\"Partnerzy &mdash; Konferencja medyczna Skalpel\",\"isPartOf\":{\"@id\":\"https:\/\/skalpel.edu.pl\/2021\/#website\"},\"datePublished\":\"2018-11-27T11:55:25+00:00\",\"dateModified\":\"2018-11-27T11:55:25+00:00\",\"description\":\"SKALPEL to bezp\\u0142atny cykl konferencji dla chirurg\\u00f3w. Praktyczne, interdyscyplinarne szkolenia kierowane do chirurg\\u00f3w praktyk\\u00f3w. Praktyczne informacje, najnowsze metody diagnostyki i terapii.\",\"inLanguage\":\"pl-PL\",\"potentialAction\":[{\"@type\":\"ReadAction\",\"target\":[\"https:\/\/skalpel.edu.pl\/2021\/partnerzy\/\"]}]}]}<\/script>\n<!-- \/ Yoast SEO plugin. -->","_links":{"self":[{"href":"https:\/\/skalpel.edu.pl\/2021\/wp-json\/wp\/v2\/pages\/112"}],"collection":[{"href":"https:\/\/skalpel.edu.pl\/2021\/wp-json\/wp\/v2\/pages"}],"about":[{"href":"https:\/\/skalpel.edu.pl\/2021\/wp-json\/wp\/v2\/types\/page"}],"author":[{"embeddable":true,"href":"https:\/\/skalpel.edu.pl\/2021\/wp-json\/wp\/v2\/users\/1"}],"replies":[{"embeddable":true,"href":"https:\/\/skalpel.edu.pl\/2021\/wp-json\/wp\/v2\/comments?post=112"}],"version-history":[{"count":1,"href":"https:\/\/skalpel.edu.pl\/2021\/wp-json\/wp\/v2\/pages\/112\/revisions"}],"predecessor-version":[{"id":113,"href":"https:\/\/skalpel.edu.pl\/2021\/wp-json\/wp\/v2\/pages\/112\/revisions\/113"}],"wp:attachment":[{"href":"https:\/\/skalpel.edu.pl\/2021\/wp-json\/wp\/v2\/media?parent=112"}],"curies":[{"name":"wp","href":"https:\/\/api.w.org\/{rel}","templated":true}]}}